{"id":2918,"date":"2022-02-28T12:00:02","date_gmt":"2022-02-28T11:00:02","guid":{"rendered":"https:\/\/www.esztergom-anno.hu\/?page_id=2918"},"modified":"2022-03-06T14:46:28","modified_gmt":"2022-03-06T13:46:28","slug":"esztergomi-ujsag","status":"publish","type":"page","link":"https:\/\/www.esztergom-anno.hu\/?page_id=2918","title":{"rendered":"Esztergomi \u00dajs\u00e1g"},"content":{"rendered":"\n<div data-wp-interactive=\"core\/file\" class=\"wp-block-file\"><object data-wp-bind--hidden=\"!state.hasPdfPreview\" hidden class=\"wp-block-file__embed\" data=\"https:\/\/www.esztergom-anno.hu\/wp-content\/uploads\/2008\/01\/20080101-egomiujsag-18650101.pdf\" type=\"application\/pdf\" style=\"width:100%;height:200px\" aria-label=\"Esztergomi \u00dajs\u00e1g 1865. janu\u00e1r 01. be\u00e1gyaz\u00e1sa be\u00e1gyaz\u00e1sa\"><\/object><a id=\"wp-block-file--media-d957559f-932e-4277-9242-b524e5ccb818\" href=\"https:\/\/www.esztergom-anno.hu\/wp-content\/uploads\/2008\/01\/20080101-egomiujsag-18650101.pdf\" target=\"_blank\" rel=\"noreferrer noopener\">Esztergomi \u00dajs\u00e1g 1865. janu\u00e1r 01.<\/a><\/div>\n\n\n\n<div data-wp-interactive=\"core\/file\" class=\"wp-block-file\"><object data-wp-bind--hidden=\"!state.hasPdfPreview\" hidden class=\"wp-block-file__embed\" data=\"https:\/\/www.esztergom-anno.hu\/wp-content\/uploads\/2008\/01\/20080108-egomiujsag-18650108.pdf\" type=\"application\/pdf\" style=\"width:100%;height:200px\" aria-label=\"Esztergomi \u00dajs\u00e1g 1865. janu\u00e1r 08. be\u00e1gyaz\u00e1sa be\u00e1gyaz\u00e1sa\"><\/object><a id=\"wp-block-file--media-f50615e0-feae-4a58-bc5e-b070b89ecc51\" href=\"https:\/\/www.esztergom-anno.hu\/wp-content\/uploads\/2008\/01\/20080108-egomiujsag-18650108.pdf\" target=\"_blank\" rel=\"noreferrer noopener\">Esztergomi \u00dajs\u00e1g 1865. janu\u00e1r 08.<\/a><\/div>\n\n\n\n<div data-wp-interactive=\"core\/file\" class=\"wp-block-file\"><object data-wp-bind--hidden=\"!state.hasPdfPreview\" hidden class=\"wp-block-file__embed\" data=\"https:\/\/www.esztergom-anno.hu\/wp-content\/uploads\/2008\/01\/20080115-egomiujsag-18650115.pdf\" type=\"application\/pdf\" style=\"width:100%;height:200px\" aria-label=\"Esztergomi \u00dajs\u00e1g 1865. janu\u00e1r 15. be\u00e1gyaz\u00e1sa be\u00e1gyaz\u00e1sa\"><\/object><a id=\"wp-block-file--media-a1beecb3-e477-402f-93a2-808b0daeee93\" href=\"https:\/\/www.esztergom-anno.hu\/wp-content\/uploads\/2008\/01\/20080115-egomiujsag-18650115.pdf\" target=\"_blank\" rel=\"noreferrer noopener\">Esztergomi \u00dajs\u00e1g 1865. janu\u00e1r 15.<\/a><\/div>\n\n\n\n<div data-wp-interactive=\"core\/file\" class=\"wp-block-file\"><object data-wp-bind--hidden=\"!state.hasPdfPreview\" hidden class=\"wp-block-file__embed\" data=\"https:\/\/www.esztergom-anno.hu\/wp-content\/uploads\/2008\/01\/20080122-egomiujsag-18650122.pdf\" type=\"application\/pdf\" style=\"width:100%;height:200px\" aria-label=\"Esztergomi \u00dajs\u00e1g 1865. janu\u00e1r 22. be\u00e1gyaz\u00e1sa be\u00e1gyaz\u00e1sa\"><\/object><a id=\"wp-block-file--media-aba2d75f-78f8-40bf-a527-9846cff803ae\" href=\"https:\/\/www.esztergom-anno.hu\/wp-content\/uploads\/2008\/01\/20080122-egomiujsag-18650122.pdf\" target=\"_blank\" rel=\"noreferrer noopener\">Esztergomi \u00dajs\u00e1g 1865. janu\u00e1r 22.<\/a><\/div>\n\n\n\n<div data-wp-interactive=\"core\/file\" class=\"wp-block-file\"><object data-wp-bind--hidden=\"!state.hasPdfPreview\" hidden class=\"wp-block-file__embed\" data=\"https:\/\/www.esztergom-anno.hu\/wp-content\/uploads\/2008\/01\/20080129-egomiujsag-18650129.pdf\" type=\"application\/pdf\" style=\"width:100%;height:200px\" aria-label=\"Esztergomi \u00dajs\u00e1g 1865. janu\u00e1r 29. be\u00e1gyaz\u00e1sa be\u00e1gyaz\u00e1sa\"><\/object><a id=\"wp-block-file--media-b6ed8223-89bb-4140-8876-81e7a75b10c0\" href=\"https:\/\/www.esztergom-anno.hu\/wp-content\/uploads\/2008\/01\/20080129-egomiujsag-18650129.pdf\" target=\"_blank\" rel=\"noreferrer noopener\">Esztergomi \u00dajs\u00e1g 1865. janu\u00e1r 29.<\/a><\/div>\n\n\n\n<div data-wp-interactive=\"core\/file\" class=\"wp-block-file\"><object data-wp-bind--hidden=\"!state.hasPdfPreview\" hidden class=\"wp-block-file__embed\" data=\"https:\/\/www.esztergom-anno.hu\/wp-content\/uploads\/2008\/02\/20080205-egomiujsag-18650205.pdf\" type=\"application\/pdf\" style=\"width:100%;height:200px\" aria-label=\"Esztergomi \u00dajs\u00e1g 1865. febru\u00e1r 05. be\u00e1gyaz\u00e1sa be\u00e1gyaz\u00e1sa\"><\/object><a id=\"wp-block-file--media-7127e408-2806-4a14-be02-3814a96b769a\" href=\"https:\/\/www.esztergom-anno.hu\/wp-content\/uploads\/2008\/02\/20080205-egomiujsag-18650205.pdf\" target=\"_blank\" rel=\"noreferrer noopener\">Esztergomi \u00dajs\u00e1g 1865. febru\u00e1r 05.<\/a><\/div>\n\n\n\n<div data-wp-interactive=\"core\/file\" class=\"wp-block-file\"><object data-wp-bind--hidden=\"!state.hasPdfPreview\" hidden class=\"wp-block-file__embed\" data=\"https:\/\/www.esztergom-anno.hu\/wp-content\/uploads\/2008\/02\/20080212-egomiujsag-18650212.pdf\" type=\"application\/pdf\" style=\"width:100%;height:200px\" aria-label=\"Esztergomi \u00dajs\u00e1g 1865. febru\u00e1r 12. be\u00e1gyaz\u00e1sa be\u00e1gyaz\u00e1sa\"><\/object><a id=\"wp-block-file--media-568ebcb3-9415-4c53-bb00-182fc5271537\" href=\"https:\/\/www.esztergom-anno.hu\/wp-content\/uploads\/2008\/02\/20080212-egomiujsag-18650212.pdf\" target=\"_blank\" rel=\"noreferrer noopener\">Esztergomi \u00dajs\u00e1g 1865. febru\u00e1r 12.<\/a><\/div>\n\n\n\n<div data-wp-interactive=\"core\/file\" class=\"wp-block-file\"><object data-wp-bind--hidden=\"!state.hasPdfPreview\" hidden class=\"wp-block-file__embed\" data=\"https:\/\/www.esztergom-anno.hu\/wp-content\/uploads\/2008\/02\/20080219-egomiujsag-18650219.pdf\" type=\"application\/pdf\" style=\"width:100%;height:200px\" aria-label=\"Esztergomi \u00dajs\u00e1g 1865. febru\u00e1r 19. be\u00e1gyaz\u00e1sa be\u00e1gyaz\u00e1sa\"><\/object><a id=\"wp-block-file--media-5ce23ba1-615d-4e3b-9b40-0aecd0bc0487\" href=\"https:\/\/www.esztergom-anno.hu\/wp-content\/uploads\/2008\/02\/20080219-egomiujsag-18650219.pdf\" target=\"_blank\" rel=\"noreferrer noopener\">Esztergomi \u00dajs\u00e1g 1865. febru\u00e1r 19.<\/a><\/div>\n\n\n\n<div data-wp-interactive=\"core\/file\" class=\"wp-block-file\"><object data-wp-bind--hidden=\"!state.hasPdfPreview\" hidden class=\"wp-block-file__embed\" data=\"https:\/\/www.esztergom-anno.hu\/wp-content\/uploads\/2008\/02\/20080226-egomiujsag-18650226.pdf\" type=\"application\/pdf\" style=\"width:100%;height:200px\" aria-label=\"Esztergomi \u00dajs\u00e1g 1865. febru\u00e1r 26. be\u00e1gyaz\u00e1sa be\u00e1gyaz\u00e1sa\"><\/object><a id=\"wp-block-file--media-cc99fae9-aad7-465a-8109-34e7b1ad3416\" href=\"https:\/\/www.esztergom-anno.hu\/wp-content\/uploads\/2008\/02\/20080226-egomiujsag-18650226.pdf\" target=\"_blank\" rel=\"noreferrer noopener\">Esztergomi \u00dajs\u00e1g 1865. febru\u00e1r 26.<\/a><\/div>\n\n\n\n<div data-wp-interactive=\"core\/file\" class=\"wp-block-file\"><object data-wp-bind--hidden=\"!state.hasPdfPreview\" hidden class=\"wp-block-file__embed\" data=\"https:\/\/www.esztergom-anno.hu\/wp-content\/uploads\/2008\/03\/20080305-egomiujsag-18650305.pdf\" type=\"application\/pdf\" style=\"width:100%;height:200px\" aria-label=\"Esztergomi \u00dajs\u00e1g 1865. m\u00e1rcius 05. be\u00e1gyaz\u00e1sa be\u00e1gyaz\u00e1sa\"><\/object><a id=\"wp-block-file--media-88252830-bac2-4a3e-8dcd-93303bf1a69a\" href=\"https:\/\/www.esztergom-anno.hu\/wp-content\/uploads\/2008\/03\/20080305-egomiujsag-18650305.pdf\" target=\"_blank\" rel=\"noreferrer noopener\">Esztergomi \u00dajs\u00e1g 1865. m\u00e1rcius 05.<\/a><\/div>\n\n\n\n<p>felt\u00f6lt\u00e9s folyamatban &#8230;<\/p>\n","protected":false},"excerpt":{"rendered":"<p>felt\u00f6lt\u00e9s folyamatban &#8230;<\/p>\n","protected":false},"author":1,"featured_media":0,"parent":0,"menu_order":0,"comment_status":"closed","ping_status":"closed","template":"","meta":{"footnotes":""},"class_list":["post-2918","page","type-page","status-publish","hentry"],"_links":{"self":[{"href":"https:\/\/www.esztergom-anno.hu\/index.php?rest_route=\/wp\/v2\/pages\/2918","targetHints":{"allow":["GET"]}}],"collection":[{"href":"https:\/\/www.esztergom-anno.hu\/index.php?rest_route=\/wp\/v2\/pages"}],"about":[{"href":"https:\/\/www.esztergom-anno.hu\/index.php?rest_route=\/wp\/v2\/types\/page"}],"author":[{"embeddable":true,"href":"https:\/\/www.esztergom-anno.hu\/index.php?rest_route=\/wp\/v2\/users\/1"}],"replies":[{"embeddable":true,"href":"https:\/\/www.esztergom-anno.hu\/index.php?rest_route=%2Fwp%2Fv2%2Fcomments&post=2918"}],"version-history":[{"count":22,"href":"https:\/\/www.esztergom-anno.hu\/index.php?rest_route=\/wp\/v2\/pages\/2918\/revisions"}],"predecessor-version":[{"id":3140,"href":"https:\/\/www.esztergom-anno.hu\/index.php?rest_route=\/wp\/v2\/pages\/2918\/revisions\/3140"}],"wp:attachment":[{"href":"https:\/\/www.esztergom-anno.hu\/index.php?rest_route=%2Fwp%2Fv2%2Fmedia&parent=2918"}],"curies":[{"name":"wp","href":"https:\/\/api.w.org\/{rel}","templated":true}]}}