{"id":2910,"date":"2022-02-28T11:58:00","date_gmt":"2022-02-28T10:58:00","guid":{"rendered":"https:\/\/www.esztergom-anno.hu\/?page_id=2910"},"modified":"2022-03-06T13:08:19","modified_gmt":"2022-03-06T12:08:19","slug":"koszonto","status":"publish","type":"page","link":"https:\/\/www.esztergom-anno.hu\/?page_id=2910","title":{"rendered":"K\u00f6sz\u00f6nt\u0151"},"content":{"rendered":"\n<div class=\"wp-block-group\"><div class=\"wp-block-group__inner-container is-layout-flow wp-block-group-is-layout-flow\">\n<h3 class=\"wp-block-heading\" id=\"kedves-latogato\">Kedves L\u00e1togat\u00f3!<\/h3>\n\n\n\n<p>Gyerekk\u00e9nt tal\u00e1n sokszor hallottuk \u00e9s az\u00f3ta tal\u00e1n mi is t\u00f6bbsz\u00f6r id\u00e9zz\u00fck, hogy azok a boldog b\u00e9keid\u0151k&#8230;<\/p>\n\n\n\n<p class=\"has-text-align-left\">Amikor m\u00e9g minden sz\u00e9p volt \u00e9s minden rendben ment\u2026. El\u0151tte voltunk m\u00e9g mindk\u00e9t vil\u00e1gh\u00e1bor\u00fanak \u00e9s m\u00e9g rend ( \u00e9s elfogadott rendszer ) uralkodott, a szavak pedig azt jelentett\u00e9k, amit a k\u00f6zmegegyez\u00e9s elfogadottnak tekintett.<\/p>\n\n\n\n<p>A rend \u0151re Esztergomban is \u0151rizte a rendet, a b\u00edr\u00f3 b\u00edrta az igazs\u00e1got, a paraszt sz\u00e1ntott, a k\u00f6lt\u0151 verset \u00edrt \u00e9s a tan\u00e1r tan\u00edtott, mindenki tette azt, mit tennie volt hivatott.<\/p>\n\n\n\n<p>A v\u00e1rosi \u00fczletekben val\u00f3di kereskedelem folyt \u00e9s annak eredm\u00e9nye az adott csal\u00e1d meg\u00e9lhet\u00e9s\u00e9t biztos\u00edtotta. Akkor m\u00e9g fontos volt\u00a0 az emberi sz\u00f3 \u2026 \u00e9s a becs\u00fcletnek is m\u00e1s m\u00e9lys\u00e9geit ismert\u00e9k.<br><br>Abban az id\u0151ben nem folyt vita arr\u00f3l, hogy hov\u00e1 tartozunk. Mindenki tudta, hogy Magyarorsz\u00e1g Eur\u00f3pa r\u00e9sze. Ismert\u00fck t\u00f6rt\u00e9nelm\u00fcnket, nagyjainkat, tudtuk azt, hogy honnan indultunk \u00e9s tudtuk azt is, hogy hov\u00e1 szeretn\u00e9nk eljutni\u2026\u00a0\u00a0\u00a0\u00a0\u00a0\u00a0\u00a0\u00a0\u00a0\u00a0\u00a0\u00a0\u00a0\u00a0<br><br>Az ezredv\u00e9gi esztergomi \u00fcnneps\u00e9gek kavalk\u00e1dja, az utc\u00e1k, terek, \u00e9p\u00fcletek egykori hangulata, a hagyom\u00e1ny \u00e9s moderns\u00e9g paradoxonja ebben a szabadid\u0151, telev\u00edzi\u00f3, r\u00e1di\u00f3 \u00e9s bulv\u00e1r n\u00e9lk\u00fcli vil\u00e1gban irigyl\u00e9sre m\u00e9lt\u00f3 \u00e9s mind a mai napig nosztalgi\u00e1nk t\u00e1rgya.\u00a0<\/p>\n\n\n\n<p>A mai rohan\u00f3 (turbulens) vil\u00e1gban titokban v\u00e1gyunk az egykori polg\u00e1rs\u00e1g tud\u00e1s &#8211; hit &#8211; csal\u00e1d &#8222;szenth\u00e1roms\u00e1ga&#8221; m\u00f6g\u00f6tt megb\u00faj\u00f3 biztons\u00e1g\u00e1ra \u00e9s \u00e9rt\u00e9krendj\u00e9re, amikor m\u00e9g az anyagi javak birtokl\u00e1sa egy\u00fctt j\u00e1rt a m\u0171velts\u00e9ggel \u00e9s ez\u00e1ltal k\u00f6zmegbecs\u00fcl\u00e9ssel is.<br><br>\u00a0Az oldal ezt az &#8222;elveszett vil\u00e1got&#8221; pr\u00f3b\u00e1lja esztergomi val\u00f3s\u00e1g\u00e1ban megmutatni.  A f\u00e9lre\u00e9rthet\u0151 szavak helyett\u00a0 mindezt f\u00e9lre\u00e9rtelmezhetetlen k\u00e9pekben, megfagyasztott, k\u0151v\u00e9 dermesztett pillanatokban id\u00e9zi fel.<\/p>\n\n\n\n<p>Fontos, hogy&nbsp; csak innen, a jelenb\u0151l n\u00e9zve \u00e9s csak ut\u00f3lag l\u00e1thatjuk azt az id\u0151szakot boldognak, hiszen akik akkor Esztergomban \u00e9ltek, ugyan\u00fagy \u00e9ltek, k\u00ednl\u00f3dtak, szerettek \u00e9s szerettettek mint most mi.<\/p>\n\n\n\n<p>Tal\u00e1n csak az \u00e1lland\u00f3s\u00e1g volt nagyobb, tal\u00e1n csak az \u00e9letnek\u00a0 \u00e9s az emberi \u00e9rt\u00e9keknek volt &#8211; l\u00e1tsz\u00f3lag nagyobb &#8211; hitele.<br><br>Weboldalunk \u2013 a teljess\u00e9g ig\u00e9nye n\u00e9lk\u00fcl &#8211; k\u00eds\u00e9rletet tesz arra, hogy felvillantson egy \u2013 a szerz\u0151 \u00e1ltal kedvelt &#8211; korszakot Esztergom boldog(abb) m\u00faltj\u00e1b\u00f3l \u00e9s a metszetek, festm\u00e9nyek, k\u00e9peslapok, f\u00e9nyk\u00e9pek, t\u00e9rk\u00e9pek \u00e9s t\u00e9nyk\u00e9pek seg\u00edts\u00e9g\u00e9vel id\u00e9zze fel a boldog b\u00e9ke\u00e9veket.<\/p>\n\n\n\n<p>Amennyiben a subl\u00f3tb\u00f3l, l\u00e1dafi\u00e1b\u00f3l vagy a&nbsp;padl\u00e1sr\u00f3l a weboldalhoz kapcsol\u00f3d\u00f3 anyag ker\u00fclne el\u0151, k\u00e9rem jelezze, hogy megoszthassuk az ut\u00f3korral !<\/p>\n\n\n\n<div class=\"wp-block-image\"><figure class=\"aligncenter size-full\"><img loading=\"lazy\" decoding=\"async\" width=\"640\" height=\"422\" src=\"https:\/\/www.esztergom-anno.hu\/wp-content\/uploads\/2022\/03\/sarosicsalad-100122.jpg\" alt=\"\" class=\"wp-image-3002\" srcset=\"https:\/\/www.esztergom-anno.hu\/wp-content\/uploads\/2022\/03\/sarosicsalad-100122.jpg 640w, https:\/\/www.esztergom-anno.hu\/wp-content\/uploads\/2022\/03\/sarosicsalad-100122-300x198.jpg 300w\" sizes=\"auto, (max-width: 640px) 85vw, 640px\" \/><\/figure><\/div>\n<\/div><\/div>\n","protected":false},"excerpt":{"rendered":"<p>Kedves L\u00e1togat\u00f3! Gyerekk\u00e9nt tal\u00e1n sokszor hallottuk \u00e9s az\u00f3ta tal\u00e1n mi is t\u00f6bbsz\u00f6r id\u00e9zz\u00fck, hogy azok a boldog b\u00e9keid\u0151k&#8230; Amikor m\u00e9g minden sz\u00e9p volt \u00e9s minden rendben ment\u2026. El\u0151tte voltunk m\u00e9g mindk\u00e9t vil\u00e1gh\u00e1bor\u00fanak \u00e9s m\u00e9g rend ( \u00e9s elfogadott rendszer ) uralkodott, a szavak pedig azt jelentett\u00e9k, amit a k\u00f6zmegegyez\u00e9s elfogadottnak tekintett. A rend \u0151re Esztergomban &hellip; <a href=\"https:\/\/www.esztergom-anno.hu\/?page_id=2910\" class=\"more-link\"><span class=\"screen-reader-text\">&#8222;K\u00f6sz\u00f6nt\u0151&#8221;<\/span> b\u0151vebben<\/a><\/p>\n","protected":false},"author":1,"featured_media":0,"parent":0,"menu_order":0,"comment_status":"closed","ping_status":"closed","template":"","meta":{"footnotes":""},"class_list":["post-2910","page","type-page","status-publish","hentry"],"_links":{"self":[{"href":"https:\/\/www.esztergom-anno.hu\/index.php?rest_route=\/wp\/v2\/pages\/2910","targetHints":{"allow":["GET"]}}],"collection":[{"href":"https:\/\/www.esztergom-anno.hu\/index.php?rest_route=\/wp\/v2\/pages"}],"about":[{"href":"https:\/\/www.esztergom-anno.hu\/index.php?rest_route=\/wp\/v2\/types\/page"}],"author":[{"embeddable":true,"href":"https:\/\/www.esztergom-anno.hu\/index.php?rest_route=\/wp\/v2\/users\/1"}],"replies":[{"embeddable":true,"href":"https:\/\/www.esztergom-anno.hu\/index.php?rest_route=%2Fwp%2Fv2%2Fcomments&post=2910"}],"version-history":[{"count":14,"href":"https:\/\/www.esztergom-anno.hu\/index.php?rest_route=\/wp\/v2\/pages\/2910\/revisions"}],"predecessor-version":[{"id":3065,"href":"https:\/\/www.esztergom-anno.hu\/index.php?rest_route=\/wp\/v2\/pages\/2910\/revisions\/3065"}],"wp:attachment":[{"href":"https:\/\/www.esztergom-anno.hu\/index.php?rest_route=%2Fwp%2Fv2%2Fmedia&parent=2910"}],"curies":[{"name":"wp","href":"https:\/\/api.w.org\/{rel}","templated":true}]}}